{"id":53,"date":"2019-04-18T11:16:34","date_gmt":"2019-04-18T11:16:34","guid":{"rendered":"https:\/\/envothemes.com\/envo-ecommerce\/?page_id=53"},"modified":"2024-02-07T11:43:43","modified_gmt":"2024-02-07T11:43:43","slug":"priser","status":"publish","type":"page","link":"https:\/\/www.ipsen-ren.dk\/index.php\/stedet-med-rene-loesninger\/priser\/","title":{"rendered":"Priser"},"content":{"rendered":"\t\t<div data-elementor-type=\"wp-post\" data-elementor-id=\"53\" class=\"elementor elementor-53\" data-elementor-post-type=\"page\">\n\t\t\t\t\t\t<section class=\"elementor-section elementor-top-section elementor-element elementor-element-224b9b6 elementor-section-full_width elementor-section-height-default elementor-section-height-default\" data-id=\"224b9b6\" data-element_type=\"section\" data-settings=\"{&quot;background_background&quot;:&quot;classic&quot;,&quot;shape_divider_bottom&quot;:&quot;tilt&quot;}\">\n\t\t\t\t\t\t\t<div class=\"elementor-background-overlay\"><\/div>\n\t\t\t\t\t\t<div class=\"elementor-shape elementor-shape-bottom\" data-negative=\"false\">\n\t\t\t<svg xmlns=\"http:\/\/www.w3.org\/2000\/svg\" viewBox=\"0 0 1000 100\" preserveAspectRatio=\"none\">\n\t<path class=\"elementor-shape-fill\" d=\"M0,6V0h1000v100L0,6z\"\/>\n<\/svg>\t\t<\/div>\n\t\t\t\t\t<div class=\"elementor-container elementor-column-gap-default\">\n\t\t\t\t\t<div class=\"elementor-column elementor-col-100 elementor-top-column elementor-element elementor-element-d0f980b\" data-id=\"d0f980b\" data-element_type=\"column\">\n\t\t\t<div class=\"elementor-widget-wrap elementor-element-populated\">\n\t\t\t\t\t\t<section class=\"elementor-section elementor-inner-section elementor-element elementor-element-231d5ba elementor-section-boxed elementor-section-height-default elementor-section-height-default\" data-id=\"231d5ba\" data-element_type=\"section\">\n\t\t\t\t\t\t<div class=\"elementor-container elementor-column-gap-default\">\n\t\t\t\t\t<div class=\"elementor-column elementor-col-100 elementor-inner-column elementor-element elementor-element-2c9489b\" data-id=\"2c9489b\" data-element_type=\"column\">\n\t\t\t<div class=\"elementor-widget-wrap elementor-element-populated\">\n\t\t\t\t\t\t<div class=\"elementor-element elementor-element-2d06514 elementor-widget elementor-widget-heading\" data-id=\"2d06514\" data-element_type=\"widget\" data-widget_type=\"heading.default\">\n\t\t\t\t<div class=\"elementor-widget-container\">\n\t\t\t<style>\/*! elementor - v3.22.0 - 24-06-2024 *\/\n.elementor-heading-title{padding:0;margin:0;line-height:1}.elementor-widget-heading .elementor-heading-title[class*=elementor-size-]>a{color:inherit;font-size:inherit;line-height:inherit}.elementor-widget-heading .elementor-heading-title.elementor-size-small{font-size:15px}.elementor-widget-heading .elementor-heading-title.elementor-size-medium{font-size:19px}.elementor-widget-heading .elementor-heading-title.elementor-size-large{font-size:29px}.elementor-widget-heading .elementor-heading-title.elementor-size-xl{font-size:39px}.elementor-widget-heading .elementor-heading-title.elementor-size-xxl{font-size:59px}<\/style><h2 class=\"elementor-heading-title elementor-size-default\">Priser<\/h2>\t\t<\/div>\n\t\t\t\t<\/div>\n\t\t\t\t\t<\/div>\n\t\t<\/div>\n\t\t\t\t\t<\/div>\n\t\t<\/section>\n\t\t\t\t\t<\/div>\n\t\t<\/div>\n\t\t\t\t\t<\/div>\n\t\t<\/section>\n\t\t\t\t<section class=\"elementor-section elementor-top-section elementor-element elementor-element-3ec9019 elementor-section-boxed elementor-section-height-default elementor-section-height-default\" data-id=\"3ec9019\" data-element_type=\"section\">\n\t\t\t\t\t\t<div class=\"elementor-container elementor-column-gap-default\">\n\t\t\t\t\t<div class=\"elementor-column elementor-col-50 elementor-top-column elementor-element elementor-element-aed24a1\" data-id=\"aed24a1\" data-element_type=\"column\">\n\t\t\t<div class=\"elementor-widget-wrap elementor-element-populated\">\n\t\t\t\t\t\t<div class=\"elementor-element elementor-element-f806f2d elementor-widget elementor-widget-text-editor\" data-id=\"f806f2d\" data-element_type=\"widget\" data-widget_type=\"text-editor.default\">\n\t\t\t\t<div class=\"elementor-widget-container\">\n\t\t\t<style>\/*! elementor - v3.22.0 - 24-06-2024 *\/\n.elementor-widget-text-editor.elementor-drop-cap-view-stacked .elementor-drop-cap{background-color:#69727d;color:#fff}.elementor-widget-text-editor.elementor-drop-cap-view-framed .elementor-drop-cap{color:#69727d;border:3px solid;background-color:transparent}.elementor-widget-text-editor:not(.elementor-drop-cap-view-default) .elementor-drop-cap{margin-top:8px}.elementor-widget-text-editor:not(.elementor-drop-cap-view-default) .elementor-drop-cap-letter{width:1em;height:1em}.elementor-widget-text-editor .elementor-drop-cap{float:left;text-align:center;line-height:1;font-size:50px}.elementor-widget-text-editor .elementor-drop-cap-letter{display:inline-block}<\/style>\t\t\t\t<p>Ingen reng\u00f8ringsopgaver er ens, og derfor vil vi afgive tilbud efter besigtigelse af opgavens omfang.<\/p>\n<p>Hvis du \u00f8nsker et uforpligtende tilbud, s\u00e5 skriv eller ring til os og h\u00f8r hvad vi kan g\u00f8re for dig.<\/p>\t\t\t\t\t\t<\/div>\n\t\t\t\t<\/div>\n\t\t\t\t<div class=\"elementor-element elementor-element-0c7886b elementor-widget__width-initial e-transform elementor-tablet-align-center elementor-widget-tablet__width-auto elementor-widget elementor-widget-envo-extra-button\" data-id=\"0c7886b\" data-element_type=\"widget\" data-settings=\"{&quot;_transform_translateX_effect_hover&quot;:{&quot;unit&quot;:&quot;px&quot;,&quot;size&quot;:0,&quot;sizes&quot;:[]},&quot;_transform_translateY_effect_hover&quot;:{&quot;unit&quot;:&quot;px&quot;,&quot;size&quot;:-8,&quot;sizes&quot;:[]},&quot;_transform_translateX_effect_hover_tablet&quot;:{&quot;unit&quot;:&quot;px&quot;,&quot;size&quot;:&quot;&quot;,&quot;sizes&quot;:[]},&quot;_transform_translateX_effect_hover_mobile&quot;:{&quot;unit&quot;:&quot;px&quot;,&quot;size&quot;:&quot;&quot;,&quot;sizes&quot;:[]},&quot;_transform_translateY_effect_hover_tablet&quot;:{&quot;unit&quot;:&quot;px&quot;,&quot;size&quot;:&quot;&quot;,&quot;sizes&quot;:[]},&quot;_transform_translateY_effect_hover_mobile&quot;:{&quot;unit&quot;:&quot;px&quot;,&quot;size&quot;:&quot;&quot;,&quot;sizes&quot;:[]}}\" data-widget_type=\"envo-extra-button.default\">\n\t\t\t\t<div class=\"elementor-widget-container\">\n\t\t\t\r\n\t\t<a  href=\"mailto:info@ipsen-ren.dk\" class=\"envo-extra-elementor-button envo-extra-elementor-button-animation-none envo-extra-align-icon-right\">\r\n\t\t<span class=\"envo-extra-elementor-button-inner\">\r\n\t\t\t\t\t\t<span class=\"envo-extra-button-text\">Skriv til os <\/span>\r\n\t\t<\/span>\r\n\t\t<\/a>\r\n\t\t\t\t<\/div>\n\t\t\t\t<\/div>\n\t\t\t\t\t<\/div>\n\t\t<\/div>\n\t\t\t\t<div class=\"elementor-column elementor-col-50 elementor-top-column elementor-element elementor-element-b194ec8 animated-slow elementor-invisible\" data-id=\"b194ec8\" data-element_type=\"column\" data-settings=\"{&quot;animation&quot;:&quot;fadeInRight&quot;,&quot;animation_delay&quot;:100,&quot;background_background&quot;:&quot;classic&quot;}\">\n\t\t\t<div class=\"elementor-widget-wrap elementor-element-populated\">\n\t\t\t\t\t<div class=\"elementor-background-overlay\"><\/div>\n\t\t\t\t\t\t<section class=\"elementor-section elementor-inner-section elementor-element elementor-element-63f8e7b elementor-section-boxed elementor-section-height-default elementor-section-height-default\" data-id=\"63f8e7b\" data-element_type=\"section\">\n\t\t\t\t\t\t<div class=\"elementor-container elementor-column-gap-no\">\n\t\t\t\t\t<div class=\"elementor-column elementor-col-100 elementor-inner-column elementor-element elementor-element-4667892\" data-id=\"4667892\" data-element_type=\"column\">\n\t\t\t<div class=\"elementor-widget-wrap elementor-element-populated\">\n\t\t\t\t\t\t<div class=\"elementor-element elementor-element-e5dbe78 elementor-widget elementor-widget-text-editor\" data-id=\"e5dbe78\" data-element_type=\"widget\" data-widget_type=\"text-editor.default\">\n\t\t\t\t<div class=\"elementor-widget-container\">\n\t\t\t\t\t\t\t<p>Timeprisen for reng\u00f8ring vil typisk v\u00e6re:<\/p><p><strong>Kr. 280,00 &#8211; 300,00<\/strong> eksl. moms<\/p><p>\u00a0<\/p><p>\u00a0<\/p><p>\u00a0<\/p><p>\u00a0<\/p>\t\t\t\t\t\t<\/div>\n\t\t\t\t<\/div>\n\t\t\t\t\t<\/div>\n\t\t<\/div>\n\t\t\t\t\t<\/div>\n\t\t<\/section>\n\t\t\t\t\t<\/div>\n\t\t<\/div>\n\t\t\t\t\t<\/div>\n\t\t<\/section>\n\t\t\t\t<\/div>\n\t\t","protected":false},"excerpt":{"rendered":"<p>Priser Ingen reng\u00f8ringsopgaver er ens, og derfor vil vi afgive tilbud efter besigtigelse af opgavens omfang. Hvis du \u00f8nsker et uforpligtende tilbud, s\u00e5 skriv eller ring til os og h\u00f8r hvad vi kan g\u00f8re for dig. Skriv til os Timeprisen for reng\u00f8ring vil typisk v\u00e6re: Kr. 280,00 &#8211; 300,00 eksl. moms \u00a0 \u00a0 \u00a0 \u00a0<\/p>\n","protected":false},"author":1,"featured_media":0,"parent":532,"menu_order":0,"comment_status":"closed","ping_status":"closed","template":"template-parts\/template-page-builders.php","meta":{"footnotes":""},"class_list":["post-53","page","type-page","status-publish","hentry"],"yoast_head":"<!-- This site is optimized with the Yoast SEO plugin v22.9 - https:\/\/yoast.com\/wordpress\/plugins\/seo\/ -->\n<title>Priser - Ipsen Reng&oslash;ring ApS<\/title>\n<meta name=\"description\" content=\"Priser\" \/>\n<meta name=\"robots\" content=\"index, follow, max-snippet:-1, max-image-preview:large, max-video-preview:-1\" \/>\n<link rel=\"canonical\" href=\"https:\/\/www.ipsen-ren.dk\/index.php\/stedet-med-rene-loesninger\/priser\/\" \/>\n<meta property=\"og:locale\" content=\"da_DK\" \/>\n<meta property=\"og:type\" content=\"article\" \/>\n<meta property=\"og:title\" content=\"Priser - Ipsen Reng&oslash;ring ApS\" \/>\n<meta property=\"og:description\" content=\"Priser\" \/>\n<meta property=\"og:url\" content=\"https:\/\/www.ipsen-ren.dk\/index.php\/stedet-med-rene-loesninger\/priser\/\" \/>\n<meta property=\"og:site_name\" content=\"Ipsen Reng&oslash;ring ApS\" \/>\n<meta property=\"article:modified_time\" content=\"2024-02-07T11:43:43+00:00\" \/>\n<meta property=\"og:image\" content=\"https:\/\/www.ipsen-ren.dk\/wp-content\/uploads\/2023\/06\/Rengoering-logo.jpg\" \/>\n\t<meta property=\"og:image:width\" content=\"1418\" \/>\n\t<meta property=\"og:image:height\" content=\"433\" \/>\n\t<meta property=\"og:image:type\" content=\"image\/jpeg\" \/>\n<meta name=\"twitter:card\" content=\"summary_large_image\" \/>\n<meta name=\"twitter:label1\" content=\"Estimeret l\u00e6setid\" \/>\n\t<meta name=\"twitter:data1\" content=\"1 minut\" \/>\n<script type=\"application\/ld+json\" class=\"yoast-schema-graph\">{\"@context\":\"https:\/\/schema.org\",\"@graph\":[{\"@type\":\"WebPage\",\"@id\":\"https:\/\/www.ipsen-ren.dk\/index.php\/stedet-med-rene-loesninger\/priser\/\",\"url\":\"https:\/\/www.ipsen-ren.dk\/index.php\/stedet-med-rene-loesninger\/priser\/\",\"name\":\"Priser - Ipsen Reng&oslash;ring ApS\",\"isPartOf\":{\"@id\":\"https:\/\/www.ipsen-ren.dk\/#website\"},\"datePublished\":\"2019-04-18T11:16:34+00:00\",\"dateModified\":\"2024-02-07T11:43:43+00:00\",\"description\":\"Priser\",\"breadcrumb\":{\"@id\":\"https:\/\/www.ipsen-ren.dk\/index.php\/stedet-med-rene-loesninger\/priser\/#breadcrumb\"},\"inLanguage\":\"da-DK\",\"potentialAction\":[{\"@type\":\"ReadAction\",\"target\":[\"https:\/\/www.ipsen-ren.dk\/index.php\/stedet-med-rene-loesninger\/priser\/\"]}]},{\"@type\":\"BreadcrumbList\",\"@id\":\"https:\/\/www.ipsen-ren.dk\/index.php\/stedet-med-rene-loesninger\/priser\/#breadcrumb\",\"itemListElement\":[{\"@type\":\"ListItem\",\"position\":1,\"name\":\"Hjem\",\"item\":\"https:\/\/www.ipsen-ren.dk\/\"},{\"@type\":\"ListItem\",\"position\":2,\"name\":\"Rene l\u00f8sninger\",\"item\":\"https:\/\/www.ipsen-ren.dk\/\"},{\"@type\":\"ListItem\",\"position\":3,\"name\":\"Priser\"}]},{\"@type\":\"WebSite\",\"@id\":\"https:\/\/www.ipsen-ren.dk\/#website\",\"url\":\"https:\/\/www.ipsen-ren.dk\/\",\"name\":\"Ipsen Reng\u00f8ring ApS\",\"description\":\"Stedet med rene l&oslash;sninger\",\"publisher\":{\"@id\":\"https:\/\/www.ipsen-ren.dk\/#organization\"},\"potentialAction\":[{\"@type\":\"SearchAction\",\"target\":{\"@type\":\"EntryPoint\",\"urlTemplate\":\"https:\/\/www.ipsen-ren.dk\/?s={search_term_string}\"},\"query-input\":\"required name=search_term_string\"}],\"inLanguage\":\"da-DK\"},{\"@type\":\"Organization\",\"@id\":\"https:\/\/www.ipsen-ren.dk\/#organization\",\"name\":\"Ipsen Reng\u00f8ring ApS\",\"url\":\"https:\/\/www.ipsen-ren.dk\/\",\"logo\":{\"@type\":\"ImageObject\",\"inLanguage\":\"da-DK\",\"@id\":\"https:\/\/www.ipsen-ren.dk\/#\/schema\/logo\/image\/\",\"url\":\"https:\/\/www.ipsen-ren.dk\/wp-content\/uploads\/2023\/06\/Rengoering-logo.jpg\",\"contentUrl\":\"https:\/\/www.ipsen-ren.dk\/wp-content\/uploads\/2023\/06\/Rengoering-logo.jpg\",\"width\":1418,\"height\":433,\"caption\":\"Ipsen Reng\u00f8ring ApS\"},\"image\":{\"@id\":\"https:\/\/www.ipsen-ren.dk\/#\/schema\/logo\/image\/\"}}]}<\/script>\n<!-- \/ Yoast SEO plugin. -->","yoast_head_json":{"title":"Priser - Ipsen Reng&oslash;ring ApS","description":"Priser","robots":{"index":"index","follow":"follow","max-snippet":"max-snippet:-1","max-image-preview":"max-image-preview:large","max-video-preview":"max-video-preview:-1"},"canonical":"https:\/\/www.ipsen-ren.dk\/index.php\/stedet-med-rene-loesninger\/priser\/","og_locale":"da_DK","og_type":"article","og_title":"Priser - Ipsen Reng&oslash;ring ApS","og_description":"Priser","og_url":"https:\/\/www.ipsen-ren.dk\/index.php\/stedet-med-rene-loesninger\/priser\/","og_site_name":"Ipsen Reng&oslash;ring ApS","article_modified_time":"2024-02-07T11:43:43+00:00","og_image":[{"width":1418,"height":433,"url":"https:\/\/www.ipsen-ren.dk\/wp-content\/uploads\/2023\/06\/Rengoering-logo.jpg","type":"image\/jpeg"}],"twitter_card":"summary_large_image","twitter_misc":{"Estimeret l\u00e6setid":"1 minut"},"schema":{"@context":"https:\/\/schema.org","@graph":[{"@type":"WebPage","@id":"https:\/\/www.ipsen-ren.dk\/index.php\/stedet-med-rene-loesninger\/priser\/","url":"https:\/\/www.ipsen-ren.dk\/index.php\/stedet-med-rene-loesninger\/priser\/","name":"Priser - Ipsen Reng&oslash;ring ApS","isPartOf":{"@id":"https:\/\/www.ipsen-ren.dk\/#website"},"datePublished":"2019-04-18T11:16:34+00:00","dateModified":"2024-02-07T11:43:43+00:00","description":"Priser","breadcrumb":{"@id":"https:\/\/www.ipsen-ren.dk\/index.php\/stedet-med-rene-loesninger\/priser\/#breadcrumb"},"inLanguage":"da-DK","potentialAction":[{"@type":"ReadAction","target":["https:\/\/www.ipsen-ren.dk\/index.php\/stedet-med-rene-loesninger\/priser\/"]}]},{"@type":"BreadcrumbList","@id":"https:\/\/www.ipsen-ren.dk\/index.php\/stedet-med-rene-loesninger\/priser\/#breadcrumb","itemListElement":[{"@type":"ListItem","position":1,"name":"Hjem","item":"https:\/\/www.ipsen-ren.dk\/"},{"@type":"ListItem","position":2,"name":"Rene l\u00f8sninger","item":"https:\/\/www.ipsen-ren.dk\/"},{"@type":"ListItem","position":3,"name":"Priser"}]},{"@type":"WebSite","@id":"https:\/\/www.ipsen-ren.dk\/#website","url":"https:\/\/www.ipsen-ren.dk\/","name":"Ipsen Reng\u00f8ring ApS","description":"Stedet med rene l&oslash;sninger","publisher":{"@id":"https:\/\/www.ipsen-ren.dk\/#organization"},"potentialAction":[{"@type":"SearchAction","target":{"@type":"EntryPoint","urlTemplate":"https:\/\/www.ipsen-ren.dk\/?s={search_term_string}"},"query-input":"required name=search_term_string"}],"inLanguage":"da-DK"},{"@type":"Organization","@id":"https:\/\/www.ipsen-ren.dk\/#organization","name":"Ipsen Reng\u00f8ring ApS","url":"https:\/\/www.ipsen-ren.dk\/","logo":{"@type":"ImageObject","inLanguage":"da-DK","@id":"https:\/\/www.ipsen-ren.dk\/#\/schema\/logo\/image\/","url":"https:\/\/www.ipsen-ren.dk\/wp-content\/uploads\/2023\/06\/Rengoering-logo.jpg","contentUrl":"https:\/\/www.ipsen-ren.dk\/wp-content\/uploads\/2023\/06\/Rengoering-logo.jpg","width":1418,"height":433,"caption":"Ipsen Reng\u00f8ring ApS"},"image":{"@id":"https:\/\/www.ipsen-ren.dk\/#\/schema\/logo\/image\/"}}]}},"_links":{"self":[{"href":"https:\/\/www.ipsen-ren.dk\/index.php\/wp-json\/wp\/v2\/pages\/53","targetHints":{"allow":["GET"]}}],"collection":[{"href":"https:\/\/www.ipsen-ren.dk\/index.php\/wp-json\/wp\/v2\/pages"}],"about":[{"href":"https:\/\/www.ipsen-ren.dk\/index.php\/wp-json\/wp\/v2\/types\/page"}],"author":[{"embeddable":true,"href":"https:\/\/www.ipsen-ren.dk\/index.php\/wp-json\/wp\/v2\/users\/1"}],"replies":[{"embeddable":true,"href":"https:\/\/www.ipsen-ren.dk\/index.php\/wp-json\/wp\/v2\/comments?post=53"}],"version-history":[{"count":20,"href":"https:\/\/www.ipsen-ren.dk\/index.php\/wp-json\/wp\/v2\/pages\/53\/revisions"}],"predecessor-version":[{"id":984,"href":"https:\/\/www.ipsen-ren.dk\/index.php\/wp-json\/wp\/v2\/pages\/53\/revisions\/984"}],"up":[{"embeddable":true,"href":"https:\/\/www.ipsen-ren.dk\/index.php\/wp-json\/wp\/v2\/pages\/532"}],"wp:attachment":[{"href":"https:\/\/www.ipsen-ren.dk\/index.php\/wp-json\/wp\/v2\/media?parent=53"}],"curies":[{"name":"wp","href":"https:\/\/api.w.org\/{rel}","templated":true}]}}